{"id":1278,"date":"2021-12-02T06:00:13","date_gmt":"2021-12-02T05:00:13","guid":{"rendered":"http:\/\/secondemain-brand.com\/?page_id=1278"},"modified":"2022-05-06T15:14:19","modified_gmt":"2022-05-06T13:14:19","slug":"privacy-overview","status":"publish","type":"page","link":"https:\/\/secondemain-brand.com\/?page_id=1278&lang=en","title":{"rendered":"Privacy Policy"},"content":{"rendered":"<p>The company 2MANO PARIS operates under the trade name Seconde Main. Seconde Main offers ready-to-wear items for sale on its website www.secondemain-brand.com.<\/p>\n<p>In order to offer for sale, sell and deliver its products, 2MANO PARIS collects personal data on its website.<\/p>\n<p>The purpose of the present privacy policy is to inform users of the means used to collect, consult, process and retain users&#8217; personal data.<\/p>\n<p>2MANO PARIS, as the data controller, undertakes to comply with the provisions of Regulation (EU) No. 2016\/679 of 27 April 2016 on the protection of personal data.<\/p>\n<p>The client is informed that certain data must be collected by 2MANO PARIS in order to provide its services. If the customer does not wish to communicate this data, 2MANO PARIS will not be able to perform its services.<\/p>\n<p>The present confidentiality policy can be modified at any time, in order to conform to any regulatory, jurisprudential, editorial or technical evolution. The user must refer to the latest version of the Policy before any navigation.<\/p>\n<h2>1. The data controller<\/h2>\n<p>The data controller, who collects personal data and implements the data processing, is :<br \/>\n2MANO PAIRS, a simplified joint stock company with a capital of \u20ac3,000, registered with the Registre du Commerce et des Soci\u00e9t\u00e9s of Paris under the number 911 645 935, whose registered office is located at 6 villa Poirier in Paris (75015), France.<\/p>\n<h2>2. Collection of personal data<\/h2>\n<p>2MANO PARIS collects personal data from users on the secondemain-brand.com website.<\/p>\n<p>The personal data that may be collected is as follows:<\/p>\n<ul>\n<li>user account data: the data that the User provides when creating an account by filling out the registration form (first name, last name, billing and delivery postal addresses, email address, cell phone number, password for the customer account)<\/li>\n<li>personal data of the user when he\/she enters them in his\/her customer account: date of birth, clothing size<\/li>\n<li>transaction data: data that the user provides when making purchases information related to orders and returns such as phone number, address, email address and payment information<\/li>\n<li>exchanges made with the customer service<\/li>\n<li>data relating to navigation: this refers to data that the Editor collects during the User&#8217;s navigation on the Site, such as the date and time of the connection and\/or navigation, the type of browser, the language of the browser, his IP address, location data and geolocation.<\/li>\n<\/ul>\n<p>Data relating to payment methods (credit card number, expiration date, authorization number, security code) are collected directly by our service provider Sogecommerce.<\/p>\n<p>Third-party providers of applications, tools and plug-ins on our website, as well as networks on which we publish editorial and promotional content (such as Facebook, Instagram and Pinterest) may also use automated, interest and context-related means to collect user data (interactions with features and profiling of online activity). This data is collected directly by these providers and\/or third parties and is subject to their policies. To the extent permitted by applicable law, 2MANO PARIS is not responsible for the practices of these providers and third parties.<\/p>\n<p>Certain services may be altered or inaccessible in the absence of consent to the collection of the data mentioned in this Privacy Policy.<\/p>\n<h2>3. Purposes of the collection of personal data<\/h2>\n<p>The regulations in force protect the privacy of users and require any data controller to be able to justify a legitimate basis for the said processing. The regulation thus provides among the legal bases for processing :<\/p>\n<ul>\n<li>the performance of a sales contract to which the data subject is a party. Thus, some of the customer&#8217;s personal data are necessary to deliver the goods, manage the customer&#8217;s account and make returns<\/li>\n<li>the respect of a legal obligation, in particular for accounting purposes by keeping invoices<\/li>\n<li>the prior consent of the data subject<\/li>\n<li>the legitimate interest of the data controller, with respect to the rights and freedoms of users. Thus, the improvement of the customer experience or the prevention of fraud may justify the collection of data<\/li>\n<\/ul>\n<p>2MANO PARIS does not share any personal data for commercial purposes with third parties.<\/p>\n<p>The user has the right to modify his personal data and to withdraw his consent at any time by logging into his customer account.<\/p>\n<h2>4. Service providers with access to users&#8217; personal data<\/h2>\n<p>The personal data collected may be transmitted to 2MANO PARIS service providers in order to complete all orders on the secondemain-brand.com website.<\/p>\n<p>The recipients of the data are :<\/p>\n<ul>\n<li>Sogecommerce, payment service provider<\/li>\n<li>Futurlog, delivery service provider<\/li>\n<li>any police or administrative authority in the context of judicial requests concerning the fight against fraud<\/li>\n<li>customs services and providers in the event of delivery abroad<\/li>\n<\/ul>\n<p>The subcontractors of 2MANO PARIS may have access to the data collected for :<\/p>\n<ul>\n<li>the preparation and shipping of orders and the return of products<\/li>\n<li>the improvement of the website&#8217;s contents<\/li>\n<li>technical maintenance and development of the website, including entities that execute orders and provide web hosting, information storage, email service providers, as well as analysis and tag management services such as Google Analytics<\/li>\n<\/ul>\n<h2>5. Users&#8217; rights on their personal data<\/h2>\n<p>In accordance with Articles 14 to 22 of Regulation 2016\/679 of 27 April 2016, any natural person using the Seconde Main website has the right to exercise the following rights:<\/p>\n<ul>\n<li>A right of access, rectification and deletion of the data collected<\/li>\n<li>A right to object to the processing of his\/her data<\/li>\n<li>A right to limit the processing<\/li>\n<li>A right to the portability of collected data<\/li>\n<li>Can formulate directives relating to the conservation, deletion and communication of his personal data after his death in accordance with article 40-1 of the law 78-17 of January 6, 1978<\/li>\n<\/ul>\n<p>If 2MANO PARIS detects a violation of personal data likely to generate a high risk for the rights and liberties of its users, it commits itself to inform the concerned users as soon as possible.<\/p>\n<p>The user can exercise all of these rights by logging into his or her customer area, by contacting customer service at <a href=\"mailto:wecare@secondemain-brand.com\">wecare@secondemain-brand.com<\/a>.<br \/>\nThe user will have to join to his request a proof of identity.<br \/>\nIn case of no response or unsatisfactory response, the user may refer to the supervisory authority of his country of residence, for France, the CNIL: https:\/\/www.cnil.fr\/<\/p>\n<h2>6. Duration of data retention<\/h2>\n<p>User data will not be kept beyond the period strictly necessary for the purposes stated herein and in accordance with the applicable laws and regulations. In this regard, data used for prospecting purposes may be retained for a maximum of 3 years from the closing of the user&#8217;s account or the last contact of the prospect concerned. The user&#8217;s data is deleted when the retention periods expire. Nevertheless, the data may be archived beyond the periods provided for the needs of research, the establishment, and the prosecution of criminal offenses for the sole purpose of allowing, as necessary, the provision of these data to the judicial authority.<\/p>\n<p>Archiving implies that these data will be anonymized and will no longer be available online but will be extracted and stored on an autonomous and secure medium.<\/p>\n<h2>7. Security measures for personal data collected<\/h2>\n<p>In its capacity as data controller, 2MANO PARIS undertakes to take all necessary precautions to preserve the security and confidentiality of the data and, in particular, to prevent it from being altered, distorted or accessed by unauthorized third parties.<br \/>\n2MANO PARIS has concluded service contracts with partners who have a certain expertise in the field of data protection.<br \/>\nAll data is hosted in France or in the European Union.<\/p>\n<h3>Payment providers<\/h3>\n<p>The payment of purchases on the website is made via the secure platform of our payment provider Sogecommerce.<\/p>\n<p>Sogecommerc is a secure online payment solution from Soci\u00e9t\u00e9 G\u00e9n\u00e9rale.<\/p>\n<p>2MANO PARIS does not have access to customer payment data.<\/p>\n<p>However, the user can choose to save his payment card data in his customer account. These data are not stored by 2MANO PARIS, but by Sogecommerce. The User can modify or delete these bank details at any time by logging into his customer account.<\/p>\n<h2>8. Links to third party sites<\/h2>\n<p>The Website may provide links to sites, applications and services other than those of Seconde Main which may be operated by third party companies.<br \/>\n2MANO PARIS is not responsible for the processing of personal data by these third party sites. The user should consult the personal data protection policies.<\/p>\n<h2>9. The Data Protection Officer<\/h2>\n<p>The data protection officer or personal data manager of 2MANO PARIS ensures compliance with the regulations and rules in force, and must in particular establish a register of personal data processing activities.<\/p>\n<p>The user can contact the data protection officer or personal data manager at <a href=\"mailto:wecare@secondemain-brand.com\">wecare@secondemain-brand.com<\/a>.<\/p>\n<h2>10. Cookies, TAGS and tracers<\/h2>\n<p>When browsing our website, information relating to the navigation of the user&#8217;s terminal (computer, tablet, smartphone, etc.), may be recorded through &#8220;Cookies&#8221;.<\/p>\n<p>A cookie is a small data file (text file) that a website, when visited by a user, asks your browser to store on your device in order to remember information about you, such as your language preferences or login information. We set these cookies called internal cookies. We also use third-party cookies, which are cookies from a different domain than the website you are visiting, for our advertising and marketing efforts. Specifically, we use cookies and other tracking technologies for the following purposes:<\/p>\n<p>Cookies are used to track browsing patterns or analyze user behavior, including :<\/p>\n<ul>\n<li>to measure the frequentation of our website, as well as their content<\/li>\n<li>to save information relating to the customer account when the user is connected to it<\/li>\n<li>to save the shopping cart for 30 minutes<\/li>\n<li>to personalize the display of content available to the user<\/li>\n<\/ul>\n<p>The user can modify his preferences in terms of cookies, through the navigation software used:<\/p>\n<ul>\n<li>Safari: http:\/\/docs.info.apple.com\/article.html?path=Safari\/3.0\/fr\/9277.html<\/li>\n<li>Chrome: http:\/\/support.google.com\/chrome\/bin\/answer.py?hl=fr&amp;hlrm=en&amp;answer=95647<\/li>\n<li>Firefox: http:\/\/support.mozilla.org\/fr\/kb\/Activer%20et%20d%C3%A9sactiver%20les%20cookies<\/li>\n<li>Internet Explorer: http:\/\/windows.microsoft.com\/fr-FR\/windows-vista\/Block-or-allow-cookies<\/li>\n<li>iOS: https:\/\/support.apple.com\/fr-fr\/HT201265<\/li>\n<\/ul>\n<p>The user can also oppose the deposit of cookies.<\/p>\n<h3>Strictly necessary cookies<\/h3>\n<p>These cookies are necessary for the proper functioning of our website and must remain active if you wish to access all our services. They do not store any personal information and result from actions you have taken &#8211; such as setting your privacy preferences or filling out a registration form. You can always configure your browser to block or be notified of these cookies.<\/p>\n<h3>Performance Cookies<\/h3>\n<p>These cookies allow us to determine the number of visits and sources of traffic in order to measure and improve the performance of our website. They help us to understand how visitors navigate the website and to identify the most\/least visited pages. All information collected by these cookies is aggregated and therefore anonymized. If you do not accept these cookies, we will not be informed about your visit to our site. The performance cookies that are installed on the site are the following:<\/p>\n<ul>\n<li>Google Tag Manager<\/li>\n<li>Google Analytics<\/li>\n<li>Functionality cookies<\/li>\n<\/ul>\n<p>These cookies allow us to improve and personalize the functionality of the website. They may be enabled by our staff, or by third parties whose services are used on our website pages. If you do not accept these cookies, some or all of these services may not function properly.<\/p>\n<h3>Cookies for targeted advertising<\/h3>\n<p>These cookies may be set by our advertising partners within our website to provide you with content tailored to your interests. They do not store personal data directly, but are based on the unique identification of your browser and Internet device. If you do not allow these cookies, the advertising content offered will be less targeted. The cookies for our targeted ads that are set on the site are as follows:<\/p>\n<ul>\n<li>Facebook<\/li>\n<li>Pinterest<\/li>\n<li>Google<\/li>\n<\/ul>\n","protected":false},"excerpt":{"rendered":"<p>The company 2MANO PARIS operates under the trade name Seconde Main. Seconde Main offers ready-to-wear items for sale on its website www.secondemain-brand.com. In order to offer for sale, sell and deliver its products, 2MANO PARIS collects personal data on its website. The purpose of the present privacy policy is to inform users of the means [&hellip;]<\/p>\n","protected":false},"author":1,"featured_media":0,"parent":0,"menu_order":0,"comment_status":"closed","ping_status":"closed","template":"templates\/tpl-cgv.php","meta":{"inline_featured_image":false,"footnotes":""},"class_list":["post-1278","page","type-page","status-publish","hentry"],"yoast_head":"<!-- This site is optimized with the Yoast SEO plugin v22.8 - https:\/\/yoast.com\/wordpress\/plugins\/seo\/ -->\n<title>Privacy Policy | Seconde Main<\/title>\n<meta name=\"robots\" content=\"index, follow, max-snippet:-1, max-image-preview:large, max-video-preview:-1\" \/>\n<link rel=\"canonical\" href=\"https:\/\/secondemain-brand.com\/?page_id=1278&lang=en\" \/>\n<meta property=\"og:locale\" content=\"en_US\" \/>\n<meta property=\"og:type\" content=\"article\" \/>\n<meta property=\"og:title\" content=\"Privacy Policy | Seconde Main\" \/>\n<meta property=\"og:description\" content=\"The company 2MANO PARIS operates under the trade name Seconde Main. Seconde Main offers ready-to-wear items for sale on its website www.secondemain-brand.com. In order to offer for sale, sell and deliver its products, 2MANO PARIS collects personal data on its website. The purpose of the present privacy policy is to inform users of the means [&hellip;]\" \/>\n<meta property=\"og:url\" content=\"https:\/\/secondemain-brand.com\/?page_id=1278&amp;lang=en\" \/>\n<meta property=\"og:site_name\" content=\"SECONDE MAIN\" \/>\n<meta property=\"article:modified_time\" content=\"2022-05-06T13:14:19+00:00\" \/>\n<meta name=\"twitter:card\" content=\"summary_large_image\" \/>\n<meta name=\"twitter:label1\" content=\"Est. reading time\" \/>\n\t<meta name=\"twitter:data1\" content=\"10 minutes\" \/>\n<script type=\"application\/ld+json\" class=\"yoast-schema-graph\">{\"@context\":\"https:\/\/schema.org\",\"@graph\":[{\"@type\":\"WebPage\",\"@id\":\"https:\/\/secondemain-brand.com\/?page_id=1278&lang=en\",\"url\":\"https:\/\/secondemain-brand.com\/?page_id=1278&lang=en\",\"name\":\"Privacy Policy | Seconde Main\",\"isPartOf\":{\"@id\":\"https:\/\/secondemain-brand.com\/#website\"},\"datePublished\":\"2021-12-02T05:00:13+00:00\",\"dateModified\":\"2022-05-06T13:14:19+00:00\",\"breadcrumb\":{\"@id\":\"https:\/\/secondemain-brand.com\/?page_id=1278&lang=en#breadcrumb\"},\"inLanguage\":\"en-US\",\"potentialAction\":[{\"@type\":\"ReadAction\",\"target\":[\"https:\/\/secondemain-brand.com\/?page_id=1278&lang=en\"]}]},{\"@type\":\"BreadcrumbList\",\"@id\":\"https:\/\/secondemain-brand.com\/?page_id=1278&lang=en#breadcrumb\",\"itemListElement\":[{\"@type\":\"ListItem\",\"position\":1,\"name\":\"Home\",\"item\":\"https:\/\/secondemain-brand.com\/\"},{\"@type\":\"ListItem\",\"position\":2,\"name\":\"Privacy Policy\"}]},{\"@type\":\"WebSite\",\"@id\":\"https:\/\/secondemain-brand.com\/#website\",\"url\":\"https:\/\/secondemain-brand.com\/\",\"name\":\"SECONDE MAIN\",\"description\":\"Seconde Main propose des pi\u00e8ces uniques et color\u00e9es qui impactent positivement leur environnement.\",\"potentialAction\":[{\"@type\":\"SearchAction\",\"target\":{\"@type\":\"EntryPoint\",\"urlTemplate\":\"https:\/\/secondemain-brand.com\/?s={search_term_string}\"},\"query-input\":\"required name=search_term_string\"}],\"inLanguage\":\"en-US\"}]}<\/script>\n<!-- \/ Yoast SEO plugin. -->","yoast_head_json":{"title":"Privacy Policy | Seconde Main","robots":{"index":"index","follow":"follow","max-snippet":"max-snippet:-1","max-image-preview":"max-image-preview:large","max-video-preview":"max-video-preview:-1"},"canonical":"https:\/\/secondemain-brand.com\/?page_id=1278&lang=en","og_locale":"en_US","og_type":"article","og_title":"Privacy Policy | Seconde Main","og_description":"The company 2MANO PARIS operates under the trade name Seconde Main. Seconde Main offers ready-to-wear items for sale on its website www.secondemain-brand.com. In order to offer for sale, sell and deliver its products, 2MANO PARIS collects personal data on its website. The purpose of the present privacy policy is to inform users of the means [&hellip;]","og_url":"https:\/\/secondemain-brand.com\/?page_id=1278&lang=en","og_site_name":"SECONDE MAIN","article_modified_time":"2022-05-06T13:14:19+00:00","twitter_card":"summary_large_image","twitter_misc":{"Est. reading time":"10 minutes"},"schema":{"@context":"https:\/\/schema.org","@graph":[{"@type":"WebPage","@id":"https:\/\/secondemain-brand.com\/?page_id=1278&lang=en","url":"https:\/\/secondemain-brand.com\/?page_id=1278&lang=en","name":"Privacy Policy | Seconde Main","isPartOf":{"@id":"https:\/\/secondemain-brand.com\/#website"},"datePublished":"2021-12-02T05:00:13+00:00","dateModified":"2022-05-06T13:14:19+00:00","breadcrumb":{"@id":"https:\/\/secondemain-brand.com\/?page_id=1278&lang=en#breadcrumb"},"inLanguage":"en-US","potentialAction":[{"@type":"ReadAction","target":["https:\/\/secondemain-brand.com\/?page_id=1278&lang=en"]}]},{"@type":"BreadcrumbList","@id":"https:\/\/secondemain-brand.com\/?page_id=1278&lang=en#breadcrumb","itemListElement":[{"@type":"ListItem","position":1,"name":"Home","item":"https:\/\/secondemain-brand.com\/"},{"@type":"ListItem","position":2,"name":"Privacy Policy"}]},{"@type":"WebSite","@id":"https:\/\/secondemain-brand.com\/#website","url":"https:\/\/secondemain-brand.com\/","name":"SECONDE MAIN","description":"Seconde Main propose des pi\u00e8ces uniques et color\u00e9es qui impactent positivement leur environnement.","potentialAction":[{"@type":"SearchAction","target":{"@type":"EntryPoint","urlTemplate":"https:\/\/secondemain-brand.com\/?s={search_term_string}"},"query-input":"required name=search_term_string"}],"inLanguage":"en-US"}]}},"_links":{"self":[{"href":"https:\/\/secondemain-brand.com\/index.php?rest_route=\/wp\/v2\/pages\/1278","targetHints":{"allow":["GET"]}}],"collection":[{"href":"https:\/\/secondemain-brand.com\/index.php?rest_route=\/wp\/v2\/pages"}],"about":[{"href":"https:\/\/secondemain-brand.com\/index.php?rest_route=\/wp\/v2\/types\/page"}],"author":[{"embeddable":true,"href":"https:\/\/secondemain-brand.com\/index.php?rest_route=\/wp\/v2\/users\/1"}],"replies":[{"embeddable":true,"href":"https:\/\/secondemain-brand.com\/index.php?rest_route=%2Fwp%2Fv2%2Fcomments&post=1278"}],"version-history":[{"count":0,"href":"https:\/\/secondemain-brand.com\/index.php?rest_route=\/wp\/v2\/pages\/1278\/revisions"}],"wp:attachment":[{"href":"https:\/\/secondemain-brand.com\/index.php?rest_route=%2Fwp%2Fv2%2Fmedia&parent=1278"}],"curies":[{"name":"wp","href":"https:\/\/api.w.org\/{rel}","templated":true}]}}