{"id":37,"date":"2021-10-07T15:38:06","date_gmt":"2021-10-07T13:38:06","guid":{"rendered":"http:\/\/secondemain-brand.com\/?page_id=37"},"modified":"2025-10-09T17:23:38","modified_gmt":"2025-10-09T15:23:38","slug":"pret-a-porter-unique-durable","status":"publish","type":"page","link":"https:\/\/secondemain-brand.com\/","title":{"rendered":"Accueil"},"content":{"rendered":"","protected":false},"excerpt":{"rendered":"","protected":false},"author":1,"featured_media":0,"parent":0,"menu_order":0,"comment_status":"closed","ping_status":"closed","template":"","meta":{"inline_featured_image":false,"footnotes":""},"class_list":["post-37","page","type-page","status-publish","hentry"],"yoast_head":"<!-- This site is optimized with the Yoast SEO plugin v22.8 - https:\/\/yoast.com\/wordpress\/plugins\/seo\/ -->\n<title>Pr\u00eat-\u00e0-porter unique &amp; durable | Seconde Main<\/title>\n<meta name=\"description\" content=\"Seconde Main cr\u00e9e un pr\u00eat-\u00e0-porter unique &amp; durable en transformant des mati\u00e8res existantes en pi\u00e8ces d\u2019exception gr\u00e2ce \u00e0 l\u2019artisanat.\" \/>\n<meta name=\"robots\" content=\"index, follow, max-snippet:-1, max-image-preview:large, max-video-preview:-1\" \/>\n<link rel=\"canonical\" href=\"https:\/\/secondemain-brand.com\/\" \/>\n<meta property=\"og:locale\" content=\"en_US\" \/>\n<meta property=\"og:type\" content=\"article\" \/>\n<meta property=\"og:title\" content=\"Pr\u00eat-\u00e0-porter unique &amp; durable | Seconde Main\" \/>\n<meta property=\"og:description\" content=\"Seconde Main cr\u00e9e un pr\u00eat-\u00e0-porter unique &amp; durable en transformant des mati\u00e8res existantes en pi\u00e8ces d\u2019exception gr\u00e2ce \u00e0 l\u2019artisanat.\" \/>\n<meta property=\"og:url\" content=\"https:\/\/secondemain-brand.com\/\" \/>\n<meta property=\"og:site_name\" content=\"SECONDE MAIN\" \/>\n<meta property=\"article:modified_time\" content=\"2025-10-09T15:23:38+00:00\" \/>\n<meta name=\"twitter:card\" content=\"summary_large_image\" \/>\n<script type=\"application\/ld+json\" class=\"yoast-schema-graph\">{\"@context\":\"https:\/\/schema.org\",\"@graph\":[{\"@type\":\"WebPage\",\"@id\":\"https:\/\/secondemain-brand.com\/\",\"url\":\"https:\/\/secondemain-brand.com\/\",\"name\":\"Pr\u00eat-\u00e0-porter unique & durable | Seconde Main\",\"isPartOf\":{\"@id\":\"https:\/\/secondemain-brand.com\/#website\"},\"datePublished\":\"2021-10-07T13:38:06+00:00\",\"dateModified\":\"2025-10-09T15:23:38+00:00\",\"description\":\"Seconde Main cr\u00e9e un pr\u00eat-\u00e0-porter unique & durable en transformant des mati\u00e8res existantes en pi\u00e8ces d\u2019exception gr\u00e2ce \u00e0 l\u2019artisanat.\",\"breadcrumb\":{\"@id\":\"https:\/\/secondemain-brand.com\/#breadcrumb\"},\"inLanguage\":\"en-US\",\"potentialAction\":[{\"@type\":\"ReadAction\",\"target\":[\"https:\/\/secondemain-brand.com\/\"]}]},{\"@type\":\"BreadcrumbList\",\"@id\":\"https:\/\/secondemain-brand.com\/#breadcrumb\",\"itemListElement\":[{\"@type\":\"ListItem\",\"position\":1,\"name\":\"Home\",\"item\":\"https:\/\/secondemain-brand.com\/\"},{\"@type\":\"ListItem\",\"position\":2,\"name\":\"Accueil\"}]},{\"@type\":\"WebSite\",\"@id\":\"https:\/\/secondemain-brand.com\/#website\",\"url\":\"https:\/\/secondemain-brand.com\/\",\"name\":\"SECONDE MAIN\",\"description\":\"Seconde Main propose des pi\u00e8ces uniques et color\u00e9es qui impactent positivement leur environnement.\",\"potentialAction\":[{\"@type\":\"SearchAction\",\"target\":{\"@type\":\"EntryPoint\",\"urlTemplate\":\"https:\/\/secondemain-brand.com\/?s={search_term_string}\"},\"query-input\":\"required name=search_term_string\"}],\"inLanguage\":\"en-US\"}]}<\/script>\n<!-- \/ Yoast SEO plugin. -->","yoast_head_json":{"title":"Pr\u00eat-\u00e0-porter unique & durable | Seconde Main","description":"Seconde Main cr\u00e9e un pr\u00eat-\u00e0-porter unique & durable en transformant des mati\u00e8res existantes en pi\u00e8ces d\u2019exception gr\u00e2ce \u00e0 l\u2019artisanat.","robots":{"index":"index","follow":"follow","max-snippet":"max-snippet:-1","max-image-preview":"max-image-preview:large","max-video-preview":"max-video-preview:-1"},"canonical":"https:\/\/secondemain-brand.com\/","og_locale":"en_US","og_type":"article","og_title":"Pr\u00eat-\u00e0-porter unique & durable | Seconde Main","og_description":"Seconde Main cr\u00e9e un pr\u00eat-\u00e0-porter unique & durable en transformant des mati\u00e8res existantes en pi\u00e8ces d\u2019exception gr\u00e2ce \u00e0 l\u2019artisanat.","og_url":"https:\/\/secondemain-brand.com\/","og_site_name":"SECONDE MAIN","article_modified_time":"2025-10-09T15:23:38+00:00","twitter_card":"summary_large_image","schema":{"@context":"https:\/\/schema.org","@graph":[{"@type":"WebPage","@id":"https:\/\/secondemain-brand.com\/","url":"https:\/\/secondemain-brand.com\/","name":"Pr\u00eat-\u00e0-porter unique & durable | Seconde Main","isPartOf":{"@id":"https:\/\/secondemain-brand.com\/#website"},"datePublished":"2021-10-07T13:38:06+00:00","dateModified":"2025-10-09T15:23:38+00:00","description":"Seconde Main cr\u00e9e un pr\u00eat-\u00e0-porter unique & durable en transformant des mati\u00e8res existantes en pi\u00e8ces d\u2019exception gr\u00e2ce \u00e0 l\u2019artisanat.","breadcrumb":{"@id":"https:\/\/secondemain-brand.com\/#breadcrumb"},"inLanguage":"en-US","potentialAction":[{"@type":"ReadAction","target":["https:\/\/secondemain-brand.com\/"]}]},{"@type":"BreadcrumbList","@id":"https:\/\/secondemain-brand.com\/#breadcrumb","itemListElement":[{"@type":"ListItem","position":1,"name":"Home","item":"https:\/\/secondemain-brand.com\/"},{"@type":"ListItem","position":2,"name":"Accueil"}]},{"@type":"WebSite","@id":"https:\/\/secondemain-brand.com\/#website","url":"https:\/\/secondemain-brand.com\/","name":"SECONDE MAIN","description":"Seconde Main propose des pi\u00e8ces uniques et color\u00e9es qui impactent positivement leur environnement.","potentialAction":[{"@type":"SearchAction","target":{"@type":"EntryPoint","urlTemplate":"https:\/\/secondemain-brand.com\/?s={search_term_string}"},"query-input":"required name=search_term_string"}],"inLanguage":"en-US"}]}},"_links":{"self":[{"href":"https:\/\/secondemain-brand.com\/index.php?rest_route=\/wp\/v2\/pages\/37","targetHints":{"allow":["GET"]}}],"collection":[{"href":"https:\/\/secondemain-brand.com\/index.php?rest_route=\/wp\/v2\/pages"}],"about":[{"href":"https:\/\/secondemain-brand.com\/index.php?rest_route=\/wp\/v2\/types\/page"}],"author":[{"embeddable":true,"href":"https:\/\/secondemain-brand.com\/index.php?rest_route=\/wp\/v2\/users\/1"}],"replies":[{"embeddable":true,"href":"https:\/\/secondemain-brand.com\/index.php?rest_route=%2Fwp%2Fv2%2Fcomments&post=37"}],"version-history":[{"count":0,"href":"https:\/\/secondemain-brand.com\/index.php?rest_route=\/wp\/v2\/pages\/37\/revisions"}],"wp:attachment":[{"href":"https:\/\/secondemain-brand.com\/index.php?rest_route=%2Fwp%2Fv2%2Fmedia&parent=37"}],"curies":[{"name":"wp","href":"https:\/\/api.w.org\/{rel}","templated":true}]}}