{"id":12643,"date":"2026-04-12T21:09:26","date_gmt":"2026-04-12T19:09:26","guid":{"rendered":"https:\/\/secondemain-brand.com\/?post_type=product&#038;p=12643"},"modified":"2026-04-12T21:08:15","modified_gmt":"2026-04-12T19:08:15","slug":"manteau-antsa-noir","status":"publish","type":"product","link":"https:\/\/secondemain-brand.com\/?product=manteau-antsa-noir","title":{"rendered":"MANTEAU ANTSA NOIR"},"excerpt":{"rendered":"","protected":false},"featured_media":12651,"comment_status":"open","ping_status":"closed","template":"","meta":{"inline_featured_image":false},"product_cat":[298],"product_tag":[666],"class_list":{"0":"post-12643","1":"product","2":"type-product","3":"status-publish","4":"has-post-thumbnail","6":"product_cat-vestes-et-manteaux","7":"product_tag-haut-fr","8":"pa_double-couleur-black-jean-yellow","9":"pa_double-couleur-blue-jean","10":"pa_double-couleur-blue-jean-rose","12":"first","13":"onbackorder","14":"shipping-taxable","15":"purchasable","16":"product-type-variable","17":"has-default-attributes"},"yoast_head":"<!-- This site is optimized with the Yoast SEO plugin v22.8 - https:\/\/yoast.com\/wordpress\/plugins\/seo\/ -->\n<title>MANTEAU ANTSA NOIR | Seconde Main<\/title>\n<meta name=\"description\" content=\"Le manteau en denim Antsa de Seconde Main est une pi\u00e8ce unique con\u00e7ue pour durer. Cette pi\u00e8ce a \u00e9t\u00e9 design\u00e9e et fabriqu\u00e9e \u00e0 Madagascar.\" \/>\n<meta name=\"robots\" content=\"index, follow, max-snippet:-1, max-image-preview:large, max-video-preview:-1\" \/>\n<link rel=\"canonical\" href=\"https:\/\/secondemain-brand.com\/?product=manteau-antsa-noir\" \/>\n<meta property=\"og:locale\" content=\"en_US\" \/>\n<meta property=\"og:type\" content=\"article\" \/>\n<meta property=\"og:title\" content=\"MANTEAU ANTSA NOIR | Seconde Main\" \/>\n<meta property=\"og:description\" content=\"Le manteau en denim Antsa de Seconde Main est une pi\u00e8ce unique con\u00e7ue pour durer. Cette pi\u00e8ce a \u00e9t\u00e9 design\u00e9e et fabriqu\u00e9e \u00e0 Madagascar.\" \/>\n<meta property=\"og:url\" content=\"https:\/\/secondemain-brand.com\/?product=manteau-antsa-noir\" \/>\n<meta property=\"og:site_name\" content=\"SECONDE MAIN\" \/>\n<meta property=\"article:modified_time\" content=\"2026-04-12T19:08:15+00:00\" \/>\n<meta property=\"og:image\" content=\"https:\/\/secondemain-brand.com\/wp-content\/uploads\/2026\/04\/antsa-quilted-coat-black-front-scaled.jpeg\" \/>\n\t<meta property=\"og:image:width\" content=\"1696\" \/>\n\t<meta property=\"og:image:height\" content=\"2560\" \/>\n\t<meta property=\"og:image:type\" content=\"image\/jpeg\" \/>\n<meta name=\"twitter:card\" content=\"summary_large_image\" \/>\n<script type=\"application\/ld+json\" class=\"yoast-schema-graph\">{\"@context\":\"https:\/\/schema.org\",\"@graph\":[{\"@type\":\"WebPage\",\"@id\":\"https:\/\/secondemain-brand.com\/?product=manteau-antsa-noir\",\"url\":\"https:\/\/secondemain-brand.com\/?product=manteau-antsa-noir\",\"name\":\"MANTEAU ANTSA NOIR | Seconde Main\",\"isPartOf\":{\"@id\":\"https:\/\/secondemain-brand.com\/#website\"},\"primaryImageOfPage\":{\"@id\":\"https:\/\/secondemain-brand.com\/?product=manteau-antsa-noir#primaryimage\"},\"image\":{\"@id\":\"https:\/\/secondemain-brand.com\/?product=manteau-antsa-noir#primaryimage\"},\"thumbnailUrl\":\"https:\/\/secondemain-brand.com\/wp-content\/uploads\/2026\/04\/antsa-quilted-coat-black-front-scaled.jpeg\",\"datePublished\":\"2026-04-12T19:09:26+00:00\",\"dateModified\":\"2026-04-12T19:08:15+00:00\",\"description\":\"Le manteau en denim Antsa de Seconde Main est une pi\u00e8ce unique con\u00e7ue pour durer. Cette pi\u00e8ce a \u00e9t\u00e9 design\u00e9e et fabriqu\u00e9e \u00e0 Madagascar.\",\"breadcrumb\":{\"@id\":\"https:\/\/secondemain-brand.com\/?product=manteau-antsa-noir#breadcrumb\"},\"inLanguage\":\"en-US\",\"potentialAction\":[{\"@type\":\"ReadAction\",\"target\":[\"https:\/\/secondemain-brand.com\/?product=manteau-antsa-noir\"]}]},{\"@type\":\"ImageObject\",\"inLanguage\":\"en-US\",\"@id\":\"https:\/\/secondemain-brand.com\/?product=manteau-antsa-noir#primaryimage\",\"url\":\"https:\/\/secondemain-brand.com\/wp-content\/uploads\/2026\/04\/antsa-quilted-coat-black-front-scaled.jpeg\",\"contentUrl\":\"https:\/\/secondemain-brand.com\/wp-content\/uploads\/2026\/04\/antsa-quilted-coat-black-front-scaled.jpeg\",\"width\":1696,\"height\":2560,\"caption\":\"Manteau Antsa noir en patchwork de coton et denim matelass\u00e9s\"},{\"@type\":\"BreadcrumbList\",\"@id\":\"https:\/\/secondemain-brand.com\/?product=manteau-antsa-noir#breadcrumb\",\"itemListElement\":[{\"@type\":\"ListItem\",\"position\":1,\"name\":\"Home\",\"item\":\"https:\/\/secondemain-brand.com\/\"},{\"@type\":\"ListItem\",\"position\":2,\"name\":\"Products\",\"item\":\"https:\/\/secondemain-brand.com\/en\/shop-2\/5-2\/\"},{\"@type\":\"ListItem\",\"position\":3,\"name\":\"MANTEAU ANTSA NOIR\"}]},{\"@type\":\"WebSite\",\"@id\":\"https:\/\/secondemain-brand.com\/#website\",\"url\":\"https:\/\/secondemain-brand.com\/\",\"name\":\"SECONDE MAIN\",\"description\":\"Seconde Main propose des pi\u00e8ces uniques et color\u00e9es qui impactent positivement leur environnement.\",\"potentialAction\":[{\"@type\":\"SearchAction\",\"target\":{\"@type\":\"EntryPoint\",\"urlTemplate\":\"https:\/\/secondemain-brand.com\/?s={search_term_string}\"},\"query-input\":\"required name=search_term_string\"}],\"inLanguage\":\"en-US\"}]}<\/script>\n<!-- \/ Yoast SEO plugin. -->","yoast_head_json":{"title":"MANTEAU ANTSA NOIR | Seconde Main","description":"Le manteau en denim Antsa de Seconde Main est une pi\u00e8ce unique con\u00e7ue pour durer. Cette pi\u00e8ce a \u00e9t\u00e9 design\u00e9e et fabriqu\u00e9e \u00e0 Madagascar.","robots":{"index":"index","follow":"follow","max-snippet":"max-snippet:-1","max-image-preview":"max-image-preview:large","max-video-preview":"max-video-preview:-1"},"canonical":"https:\/\/secondemain-brand.com\/?product=manteau-antsa-noir","og_locale":"en_US","og_type":"article","og_title":"MANTEAU ANTSA NOIR | Seconde Main","og_description":"Le manteau en denim Antsa de Seconde Main est une pi\u00e8ce unique con\u00e7ue pour durer. Cette pi\u00e8ce a \u00e9t\u00e9 design\u00e9e et fabriqu\u00e9e \u00e0 Madagascar.","og_url":"https:\/\/secondemain-brand.com\/?product=manteau-antsa-noir","og_site_name":"SECONDE MAIN","article_modified_time":"2026-04-12T19:08:15+00:00","og_image":[{"width":1696,"height":2560,"url":"https:\/\/secondemain-brand.com\/wp-content\/uploads\/2026\/04\/antsa-quilted-coat-black-front-scaled.jpeg","type":"image\/jpeg"}],"twitter_card":"summary_large_image","schema":{"@context":"https:\/\/schema.org","@graph":[{"@type":"WebPage","@id":"https:\/\/secondemain-brand.com\/?product=manteau-antsa-noir","url":"https:\/\/secondemain-brand.com\/?product=manteau-antsa-noir","name":"MANTEAU ANTSA NOIR | Seconde Main","isPartOf":{"@id":"https:\/\/secondemain-brand.com\/#website"},"primaryImageOfPage":{"@id":"https:\/\/secondemain-brand.com\/?product=manteau-antsa-noir#primaryimage"},"image":{"@id":"https:\/\/secondemain-brand.com\/?product=manteau-antsa-noir#primaryimage"},"thumbnailUrl":"https:\/\/secondemain-brand.com\/wp-content\/uploads\/2026\/04\/antsa-quilted-coat-black-front-scaled.jpeg","datePublished":"2026-04-12T19:09:26+00:00","dateModified":"2026-04-12T19:08:15+00:00","description":"Le manteau en denim Antsa de Seconde Main est une pi\u00e8ce unique con\u00e7ue pour durer. Cette pi\u00e8ce a \u00e9t\u00e9 design\u00e9e et fabriqu\u00e9e \u00e0 Madagascar.","breadcrumb":{"@id":"https:\/\/secondemain-brand.com\/?product=manteau-antsa-noir#breadcrumb"},"inLanguage":"en-US","potentialAction":[{"@type":"ReadAction","target":["https:\/\/secondemain-brand.com\/?product=manteau-antsa-noir"]}]},{"@type":"ImageObject","inLanguage":"en-US","@id":"https:\/\/secondemain-brand.com\/?product=manteau-antsa-noir#primaryimage","url":"https:\/\/secondemain-brand.com\/wp-content\/uploads\/2026\/04\/antsa-quilted-coat-black-front-scaled.jpeg","contentUrl":"https:\/\/secondemain-brand.com\/wp-content\/uploads\/2026\/04\/antsa-quilted-coat-black-front-scaled.jpeg","width":1696,"height":2560,"caption":"Manteau Antsa noir en patchwork de coton et denim matelass\u00e9s"},{"@type":"BreadcrumbList","@id":"https:\/\/secondemain-brand.com\/?product=manteau-antsa-noir#breadcrumb","itemListElement":[{"@type":"ListItem","position":1,"name":"Home","item":"https:\/\/secondemain-brand.com\/"},{"@type":"ListItem","position":2,"name":"Products","item":"https:\/\/secondemain-brand.com\/en\/shop-2\/5-2\/"},{"@type":"ListItem","position":3,"name":"MANTEAU ANTSA NOIR"}]},{"@type":"WebSite","@id":"https:\/\/secondemain-brand.com\/#website","url":"https:\/\/secondemain-brand.com\/","name":"SECONDE MAIN","description":"Seconde Main propose des pi\u00e8ces uniques et color\u00e9es qui impactent positivement leur environnement.","potentialAction":[{"@type":"SearchAction","target":{"@type":"EntryPoint","urlTemplate":"https:\/\/secondemain-brand.com\/?s={search_term_string}"},"query-input":"required name=search_term_string"}],"inLanguage":"en-US"}]}},"_links":{"self":[{"href":"https:\/\/secondemain-brand.com\/index.php?rest_route=\/wp\/v2\/product\/12643","targetHints":{"allow":["GET"]}}],"collection":[{"href":"https:\/\/secondemain-brand.com\/index.php?rest_route=\/wp\/v2\/product"}],"about":[{"href":"https:\/\/secondemain-brand.com\/index.php?rest_route=\/wp\/v2\/types\/product"}],"replies":[{"embeddable":true,"href":"https:\/\/secondemain-brand.com\/index.php?rest_route=%2Fwp%2Fv2%2Fcomments&post=12643"}],"wp:featuredmedia":[{"embeddable":true,"href":"https:\/\/secondemain-brand.com\/index.php?rest_route=\/wp\/v2\/media\/12651"}],"wp:attachment":[{"href":"https:\/\/secondemain-brand.com\/index.php?rest_route=%2Fwp%2Fv2%2Fmedia&parent=12643"}],"wp:term":[{"taxonomy":"product_cat","embeddable":true,"href":"https:\/\/secondemain-brand.com\/index.php?rest_route=%2Fwp%2Fv2%2Fproduct_cat&post=12643"},{"taxonomy":"product_tag","embeddable":true,"href":"https:\/\/secondemain-brand.com\/index.php?rest_route=%2Fwp%2Fv2%2Fproduct_tag&post=12643"}],"curies":[{"name":"wp","href":"https:\/\/api.w.org\/{rel}","templated":true}]}}