{"id":9309,"date":"2023-11-30T07:31:22","date_gmt":"2023-11-30T06:31:22","guid":{"rendered":"https:\/\/secondemain-brand.com\/?post_type=product&#038;p=9309"},"modified":"2025-10-11T14:52:10","modified_gmt":"2025-10-11T12:52:10","slug":"sac-kely","status":"publish","type":"product","link":"https:\/\/secondemain-brand.com\/?product=sac-kely","title":{"rendered":"SAC KELY"},"excerpt":{"rendered":"","protected":false},"featured_media":12033,"comment_status":"open","ping_status":"closed","template":"","meta":{"inline_featured_image":false},"product_cat":[649],"product_tag":[660],"class_list":{"0":"post-9309","1":"product","2":"type-product","3":"status-publish","4":"has-post-thumbnail","6":"product_cat-sacs","7":"product_tag-accessoire","8":"pa_double-couleur-denim","9":"pa_double-couleur-noir","11":"first","12":"onbackorder","13":"shipping-taxable","14":"purchasable","15":"product-type-variable","16":"has-default-attributes"},"yoast_head":"<!-- This site is optimized with the Yoast SEO plugin v22.8 - https:\/\/yoast.com\/wordpress\/plugins\/seo\/ -->\n<title>SAC KELY | Seconde Main<\/title>\n<meta name=\"description\" content=\"Le sac tiss\u00e9 Kely de Seconde Main est une pi\u00e8ce unique con\u00e7ue pour durer. Cette pi\u00e8ce a \u00e9t\u00e9 design\u00e9e et fabriqu\u00e9e \u00e0 Madagascar.\" \/>\n<meta name=\"robots\" content=\"index, follow, max-snippet:-1, max-image-preview:large, max-video-preview:-1\" \/>\n<link rel=\"canonical\" href=\"https:\/\/secondemain-brand.com\/?product=sac-kely\" \/>\n<meta property=\"og:locale\" content=\"en_US\" \/>\n<meta property=\"og:type\" content=\"article\" \/>\n<meta property=\"og:title\" content=\"SAC KELY | Seconde Main\" \/>\n<meta property=\"og:description\" content=\"Le sac tiss\u00e9 Kely de Seconde Main est une pi\u00e8ce unique con\u00e7ue pour durer. Cette pi\u00e8ce a \u00e9t\u00e9 design\u00e9e et fabriqu\u00e9e \u00e0 Madagascar.\" \/>\n<meta property=\"og:url\" content=\"https:\/\/secondemain-brand.com\/?product=sac-kely\" \/>\n<meta property=\"og:site_name\" content=\"SECONDE MAIN\" \/>\n<meta property=\"article:modified_time\" content=\"2025-10-11T12:52:10+00:00\" \/>\n<meta property=\"og:image\" content=\"https:\/\/secondemain-brand.com\/wp-content\/uploads\/2025\/08\/C5A1354-scaled-e1756238112657.jpg\" \/>\n\t<meta property=\"og:image:width\" content=\"960\" \/>\n\t<meta property=\"og:image:height\" content=\"1293\" \/>\n\t<meta property=\"og:image:type\" content=\"image\/jpeg\" \/>\n<meta name=\"twitter:card\" content=\"summary_large_image\" \/>\n<script type=\"application\/ld+json\" class=\"yoast-schema-graph\">{\"@context\":\"https:\/\/schema.org\",\"@graph\":[{\"@type\":\"WebPage\",\"@id\":\"https:\/\/secondemain-brand.com\/?product=sac-kely\",\"url\":\"https:\/\/secondemain-brand.com\/?product=sac-kely\",\"name\":\"SAC KELY | Seconde Main\",\"isPartOf\":{\"@id\":\"https:\/\/secondemain-brand.com\/#website\"},\"primaryImageOfPage\":{\"@id\":\"https:\/\/secondemain-brand.com\/?product=sac-kely#primaryimage\"},\"image\":{\"@id\":\"https:\/\/secondemain-brand.com\/?product=sac-kely#primaryimage\"},\"thumbnailUrl\":\"https:\/\/secondemain-brand.com\/wp-content\/uploads\/2025\/08\/C5A1354-scaled-e1756238112657.jpg\",\"datePublished\":\"2023-11-30T06:31:22+00:00\",\"dateModified\":\"2025-10-11T12:52:10+00:00\",\"description\":\"Le sac tiss\u00e9 Kely de Seconde Main est une pi\u00e8ce unique con\u00e7ue pour durer. Cette pi\u00e8ce a \u00e9t\u00e9 design\u00e9e et fabriqu\u00e9e \u00e0 Madagascar.\",\"breadcrumb\":{\"@id\":\"https:\/\/secondemain-brand.com\/?product=sac-kely#breadcrumb\"},\"inLanguage\":\"en-US\",\"potentialAction\":[{\"@type\":\"ReadAction\",\"target\":[\"https:\/\/secondemain-brand.com\/?product=sac-kely\"]}]},{\"@type\":\"ImageObject\",\"inLanguage\":\"en-US\",\"@id\":\"https:\/\/secondemain-brand.com\/?product=sac-kely#primaryimage\",\"url\":\"https:\/\/secondemain-brand.com\/wp-content\/uploads\/2025\/08\/C5A1354-scaled-e1756238112657.jpg\",\"contentUrl\":\"https:\/\/secondemain-brand.com\/wp-content\/uploads\/2025\/08\/C5A1354-scaled-e1756238112657.jpg\",\"width\":960,\"height\":1293},{\"@type\":\"BreadcrumbList\",\"@id\":\"https:\/\/secondemain-brand.com\/?product=sac-kely#breadcrumb\",\"itemListElement\":[{\"@type\":\"ListItem\",\"position\":1,\"name\":\"Home\",\"item\":\"https:\/\/secondemain-brand.com\/\"},{\"@type\":\"ListItem\",\"position\":2,\"name\":\"Products\",\"item\":\"https:\/\/secondemain-brand.com\/en\/shop-2\/5-2\/\"},{\"@type\":\"ListItem\",\"position\":3,\"name\":\"SAC KELY\"}]},{\"@type\":\"WebSite\",\"@id\":\"https:\/\/secondemain-brand.com\/#website\",\"url\":\"https:\/\/secondemain-brand.com\/\",\"name\":\"SECONDE MAIN\",\"description\":\"Seconde Main propose des pi\u00e8ces uniques et color\u00e9es qui impactent positivement leur environnement.\",\"potentialAction\":[{\"@type\":\"SearchAction\",\"target\":{\"@type\":\"EntryPoint\",\"urlTemplate\":\"https:\/\/secondemain-brand.com\/?s={search_term_string}\"},\"query-input\":\"required name=search_term_string\"}],\"inLanguage\":\"en-US\"}]}<\/script>\n<!-- \/ Yoast SEO plugin. -->","yoast_head_json":{"title":"SAC KELY | Seconde Main","description":"Le sac tiss\u00e9 Kely de Seconde Main est une pi\u00e8ce unique con\u00e7ue pour durer. Cette pi\u00e8ce a \u00e9t\u00e9 design\u00e9e et fabriqu\u00e9e \u00e0 Madagascar.","robots":{"index":"index","follow":"follow","max-snippet":"max-snippet:-1","max-image-preview":"max-image-preview:large","max-video-preview":"max-video-preview:-1"},"canonical":"https:\/\/secondemain-brand.com\/?product=sac-kely","og_locale":"en_US","og_type":"article","og_title":"SAC KELY | Seconde Main","og_description":"Le sac tiss\u00e9 Kely de Seconde Main est une pi\u00e8ce unique con\u00e7ue pour durer. Cette pi\u00e8ce a \u00e9t\u00e9 design\u00e9e et fabriqu\u00e9e \u00e0 Madagascar.","og_url":"https:\/\/secondemain-brand.com\/?product=sac-kely","og_site_name":"SECONDE MAIN","article_modified_time":"2025-10-11T12:52:10+00:00","og_image":[{"width":960,"height":1293,"url":"https:\/\/secondemain-brand.com\/wp-content\/uploads\/2025\/08\/C5A1354-scaled-e1756238112657.jpg","type":"image\/jpeg"}],"twitter_card":"summary_large_image","schema":{"@context":"https:\/\/schema.org","@graph":[{"@type":"WebPage","@id":"https:\/\/secondemain-brand.com\/?product=sac-kely","url":"https:\/\/secondemain-brand.com\/?product=sac-kely","name":"SAC KELY | Seconde Main","isPartOf":{"@id":"https:\/\/secondemain-brand.com\/#website"},"primaryImageOfPage":{"@id":"https:\/\/secondemain-brand.com\/?product=sac-kely#primaryimage"},"image":{"@id":"https:\/\/secondemain-brand.com\/?product=sac-kely#primaryimage"},"thumbnailUrl":"https:\/\/secondemain-brand.com\/wp-content\/uploads\/2025\/08\/C5A1354-scaled-e1756238112657.jpg","datePublished":"2023-11-30T06:31:22+00:00","dateModified":"2025-10-11T12:52:10+00:00","description":"Le sac tiss\u00e9 Kely de Seconde Main est une pi\u00e8ce unique con\u00e7ue pour durer. Cette pi\u00e8ce a \u00e9t\u00e9 design\u00e9e et fabriqu\u00e9e \u00e0 Madagascar.","breadcrumb":{"@id":"https:\/\/secondemain-brand.com\/?product=sac-kely#breadcrumb"},"inLanguage":"en-US","potentialAction":[{"@type":"ReadAction","target":["https:\/\/secondemain-brand.com\/?product=sac-kely"]}]},{"@type":"ImageObject","inLanguage":"en-US","@id":"https:\/\/secondemain-brand.com\/?product=sac-kely#primaryimage","url":"https:\/\/secondemain-brand.com\/wp-content\/uploads\/2025\/08\/C5A1354-scaled-e1756238112657.jpg","contentUrl":"https:\/\/secondemain-brand.com\/wp-content\/uploads\/2025\/08\/C5A1354-scaled-e1756238112657.jpg","width":960,"height":1293},{"@type":"BreadcrumbList","@id":"https:\/\/secondemain-brand.com\/?product=sac-kely#breadcrumb","itemListElement":[{"@type":"ListItem","position":1,"name":"Home","item":"https:\/\/secondemain-brand.com\/"},{"@type":"ListItem","position":2,"name":"Products","item":"https:\/\/secondemain-brand.com\/en\/shop-2\/5-2\/"},{"@type":"ListItem","position":3,"name":"SAC KELY"}]},{"@type":"WebSite","@id":"https:\/\/secondemain-brand.com\/#website","url":"https:\/\/secondemain-brand.com\/","name":"SECONDE MAIN","description":"Seconde Main propose des pi\u00e8ces uniques et color\u00e9es qui impactent positivement leur environnement.","potentialAction":[{"@type":"SearchAction","target":{"@type":"EntryPoint","urlTemplate":"https:\/\/secondemain-brand.com\/?s={search_term_string}"},"query-input":"required name=search_term_string"}],"inLanguage":"en-US"}]}},"_links":{"self":[{"href":"https:\/\/secondemain-brand.com\/index.php?rest_route=\/wp\/v2\/product\/9309","targetHints":{"allow":["GET"]}}],"collection":[{"href":"https:\/\/secondemain-brand.com\/index.php?rest_route=\/wp\/v2\/product"}],"about":[{"href":"https:\/\/secondemain-brand.com\/index.php?rest_route=\/wp\/v2\/types\/product"}],"replies":[{"embeddable":true,"href":"https:\/\/secondemain-brand.com\/index.php?rest_route=%2Fwp%2Fv2%2Fcomments&post=9309"}],"wp:featuredmedia":[{"embeddable":true,"href":"https:\/\/secondemain-brand.com\/index.php?rest_route=\/wp\/v2\/media\/12033"}],"wp:attachment":[{"href":"https:\/\/secondemain-brand.com\/index.php?rest_route=%2Fwp%2Fv2%2Fmedia&parent=9309"}],"wp:term":[{"taxonomy":"product_cat","embeddable":true,"href":"https:\/\/secondemain-brand.com\/index.php?rest_route=%2Fwp%2Fv2%2Fproduct_cat&post=9309"},{"taxonomy":"product_tag","embeddable":true,"href":"https:\/\/secondemain-brand.com\/index.php?rest_route=%2Fwp%2Fv2%2Fproduct_tag&post=9309"}],"curies":[{"name":"wp","href":"https:\/\/api.w.org\/{rel}","templated":true}]}}